{"id":23496,"date":"2016-05-23T07:34:45","date_gmt":"2016-05-23T07:34:45","guid":{"rendered":"http:\/\/8theme.com\/import\/royal\/demos\/?page_id=23496"},"modified":"2025-03-26T08:22:01","modified_gmt":"2025-03-26T08:22:01","slug":"acasa","status":"publish","type":"page","link":"https:\/\/zip-apartments.ro\/","title":{"rendered":"Apartamente de \u00eenchiriat"},"content":{"rendered":"<p>[vc_row full_width=&#8221;stretch_row_content_no_spaces&#8221; gap=&#8221;10&#8243; full_height=&#8221;yes&#8221; equal_height=&#8221;yes&#8221; content_placement=&#8221;middle&#8221;][vc_column][vc_row_inner][vc_column_inner width=&#8221;1\/5&#8243;][vc_single_image image=&#8221;23847&#8243; img_size=&#8221;medium&#8221; alignment=&#8221;center&#8221; style=&#8221;vc_box_rounded&#8221;][vc_column_text]<\/p>\n<p style=\"text-align: center;\">Bucura\u021bi-v\u0103 de r\u0103s\u0103ritul de la Marea Neagr\u0103 aleg\u00e2nd apartamentele pozi\u021bionate spre plaj\u0103<\/p>\n<p>[\/vc_column_text][\/vc_column_inner][vc_column_inner width=&#8221;1\/5&#8243;][vc_single_image image=&#8221;23848&#8243; img_size=&#8221;medium&#8221; alignment=&#8221;center&#8221; style=&#8221;vc_box_rounded&#8221;][vc_column_text]<\/p>\n<p style=\"text-align: center;\">Toate apartamentele au o buc\u0103t\u0103rie complet echipat\u0103, asemenea celei de acas\u0103.<\/p>\n<p>[\/vc_column_text][\/vc_column_inner][vc_column_inner width=&#8221;1\/5&#8243;][vc_single_image image=&#8221;23849&#8243; img_size=&#8221;medium&#8221; alignment=&#8221;center&#8221; style=&#8221;vc_box_rounded&#8221;][vc_column_text]<\/p>\n<p style=\"text-align: center;\">Apartamentele sunt la c\u00e2\u021biva pa\u0219i de taverne tradi\u021bionale, magazine \u0219i atrac\u021bii turistice specifice sta\u021biunii Mamaia.<\/p>\n<p>[\/vc_column_text][\/vc_column_inner][vc_column_inner width=&#8221;1\/5&#8243;][vc_single_image image=&#8221;23850&#8243; img_size=&#8221;medium&#8221; alignment=&#8221;center&#8221;][vc_column_text]<\/p>\n<p style=\"text-align: center;\">Echipa noastr\u0103 este disponibil\u0103 pentru solu\u021bionarea oric\u0103rei\u00a0situa\u021bii.<\/p>\n<p>[\/vc_column_text][\/vc_column_inner][vc_column_inner width=&#8221;1\/5&#8243;][vc_single_image image=&#8221;23851&#8243; img_size=&#8221;medium&#8221; alignment=&#8221;center&#8221;][vc_column_text]<\/p>\n<p style=\"text-align: center;\">Zip Apartments este la 30 de minute distan\u021b\u0103 de Aeroportul Mihail Kog\u0103lniceanu.<\/p>\n<p>[\/vc_column_text][\/vc_column_inner][\/vc_row_inner][\/vc_column][vc_column parallax=&#8221;content-moving&#8221; parallax_image=&#8221;23789&#8243; css=&#8221;.vc_custom_1563173981089{background-color: rgba(0,0,0,0.16) !important;*background-color: rgb(0,0,0) !important;}&#8221;][vc_empty_space][vc_custom_heading text=&#8221;La Zip Apartments e\u0219ti acas\u0103, chiar \u0219i \u00een vacan\u021b\u0103!<br \/>\nTe vei bucura, \u00eempreun\u0103 cu cei dragi, de confortul ideal oferit de cazarea \u00een apartamente noi, situate la un pas de plaj\u0103, pe care \u021bi le \u00eenchiriem \u00een regim hotelier.<br \/>\nZip Apartments este un ansamblu reziden\u021bial format din 27 de apartamente noi, localizat \u00een sta\u021biunea Mamaia, pe malul m\u0103rii. Apartamentele pot fi \u00eenchiriate at\u00e2t pe termen scurt, c\u00e2t \u0219i lung, fiind disponibile 12 luni pe an \u0219i av\u00e2nd maximum de confort \u00een fiecare detaliu, destinat unei experien\u021be relaxante!<br \/>\nLa Zip Apartments te bucuri de confort, relaxare \u0219i intimitate \u00eentr-o singur\u0103 loca\u021bie!<br \/>\nPentru mai multe detalii ne pute\u021bi contacta prin mesaj privat sau e-mail.&#8221; font_container=&#8221;tag:p|font_size:20|text_align:center|color:%23ffffff&#8221; use_theme_fonts=&#8221;yes&#8221; css=&#8221;.vc_custom_1614338071728{padding-top: 100px !important;padding-right: 15px !important;padding-bottom: 100px !important;padding-left: 15px !important;}&#8221;][vc_empty_space height=&#8221;32&#8243;][\/vc_column][\/vc_row][vc_row full_width=&#8221;stretch_row_content_no_spaces&#8221;][vc_column][vc_empty_space height=&#8221;32&#8243;][vc_row_inner][vc_column_inner width=&#8221;1\/4&#8243;][vc_custom_heading text=&#8221;APARTAMENTE<br \/>\nCU TERAS\u0102 \u0218I VEDERE LA LAC&#8221; font_container=&#8221;tag:h4|text_align:center|line_height:2&#8243; use_theme_fonts=&#8221;yes&#8221;][vc_empty_space height=&#8221;20px&#8221;][vc_gallery images=&#8221;23774,23773,23772,23771,23770&#8243; img_size=&#8221;full&#8221;][\/vc_column_inner][vc_column_inner width=&#8221;1\/4&#8243;][vc_custom_heading text=&#8221;APARTAMENTE<br \/>\nCU TERAS\u0102 \u0218I VEDERE LA MARE&#8221; font_container=&#8221;tag:h4|text_align:center|line_height:2&#8243; use_theme_fonts=&#8221;yes&#8221;][vc_empty_space height=&#8221;20px&#8221;][vc_gallery images=&#8221;23759,23760,23761,23762,23763,23764,23765,23758,23766,23767,23768,23769&#8243; img_size=&#8221;full&#8221;][\/vc_column_inner][vc_column_inner width=&#8221;1\/4&#8243;][vc_custom_heading text=&#8221;APARTAMENTE<br \/>\nSTANDARD&#8221; font_container=&#8221;tag:h4|text_align:center|line_height:2&#8243; use_theme_fonts=&#8221;yes&#8221;][vc_empty_space height=&#8221;20px&#8221;][vc_gallery images=&#8221;23776,23777,23778,23779,23780&#8243; img_size=&#8221;full&#8221;][\/vc_column_inner][vc_column_inner width=&#8221;1\/4&#8243;][vc_custom_heading text=&#8221;STUDIOURI<br \/>\nSTANDARD&#8221; font_container=&#8221;tag:h4|text_align:center|line_height:2&#8243; use_theme_fonts=&#8221;yes&#8221;][vc_empty_space height=&#8221;20px&#8221;][vc_gallery images=&#8221;23781,23782,23783,23784,23785,23786&#8243; img_size=&#8221;full&#8221;][\/vc_column_inner][\/vc_row_inner][vc_empty_space height=&#8221;20&#8243;][\/vc_column][\/vc_row][vc_row full_width=&#8221;stretch_row_content&#8221; css=&#8221;.vc_custom_1562927661857{padding-top: 70px !important;padding-bottom: 70px !important;}&#8221;][vc_column width=&#8221;1\/6&#8243;][\/vc_column][vc_column width=&#8221;2\/3&#8243;][vc_custom_heading text=&#8221;La Zip Apartments e\u0219ti acas\u0103, chiar \u0219i \u00een vacan\u021b\u0103!&#8221; font_container=&#8221;tag:h2|text_align:center&#8221; use_theme_fonts=&#8221;yes&#8221;][vc_empty_space height=&#8221;20&#8243;][vc_single_image image=&#8221;23946&#8243; img_size=&#8221;full&#8221; alignment=&#8221;center&#8221; style=&#8221;vc_box_shadow_border&#8221;][\/vc_column][vc_column width=&#8221;1\/6&#8243;][\/vc_column][\/vc_row][vc_row][vc_column][vc_empty_space][vc_custom_heading text=&#8221;LOCA\u021aII IMPORTANTE CONSTAN\u021aA&#8221; font_container=&#8221;tag:h2|text_align:center&#8221; use_theme_fonts=&#8221;yes&#8221;][vc_empty_space height=&#8221;20&#8243;][\/vc_column][\/vc_row][vc_row full_width=&#8221;stretch_row_content_no_spaces&#8221; content_placement=&#8221;top&#8221;][vc_column width=&#8221;1\/6&#8243;][vc_single_image image=&#8221;23626&#8243; img_size=&#8221;full&#8221; alignment=&#8221;center&#8221; el_class=&#8221;.overlay-image .hover&#8221;][vc_column_text]<\/p>\n<h4 style=\"text-align: center;\"><span style=\"color: #000000;\">PIA\u021aA OVIDIU<br \/>\n<\/span><\/h4>\n<p>[\/vc_column_text][\/vc_column][vc_column width=&#8221;1\/6&#8243;][vc_single_image image=&#8221;23625&#8243; img_size=&#8221;full&#8221; alignment=&#8221;center&#8221;][vc_column_text]<\/p>\n<h4 style=\"text-align: center;\"><span style=\"color: #000000;\">GRAVITY PARK<br \/>\n<\/span><\/h4>\n<p>[\/vc_column_text][\/vc_column][vc_column width=&#8221;1\/6&#8243;][vc_single_image image=&#8221;23628&#8243; img_size=&#8221;full&#8221; alignment=&#8221;center&#8221;][vc_column_text]<\/p>\n<h4 style=\"text-align: center;\"><span style=\"color: #000000;\">AEROPORTUL KOGALNICEANU<br \/>\n<\/span><\/h4>\n<p>[\/vc_column_text][\/vc_column][vc_column width=&#8221;1\/6&#8243;][vc_single_image image=&#8221;23751&#8243; img_size=&#8221;full&#8221; alignment=&#8221;center&#8221;][vc_column_text]<\/p>\n<h4 style=\"text-align: center;\"><span style=\"color: #000000;\">AQUA MAGIC<\/span><\/h4>\n<p>[\/vc_column_text][\/vc_column][vc_column width=&#8221;1\/6&#8243;][vc_single_image image=&#8221;23752&#8243; img_size=&#8221;full&#8221; alignment=&#8221;center&#8221;][vc_column_text]<\/p>\n<h4 style=\"text-align: center;\"><span style=\"color: #000000;\">DELFINARIU<\/span><\/h4>\n<p>[\/vc_column_text][\/vc_column][vc_column width=&#8221;1\/6&#8243;][vc_single_image image=&#8221;23753&#8243; img_size=&#8221;full&#8221; alignment=&#8221;center&#8221;][vc_column_text]<\/p>\n<h4 style=\"text-align: center;\"><span style=\"color: #000000;\">CASINO<\/span><\/h4>\n<p>[\/vc_column_text][\/vc_column][\/vc_row][vc_row][vc_column][vc_empty_space][\/vc_column][\/vc_row]<\/p>\n","protected":false},"excerpt":{"rendered":"<p>&#8230;<\/p>\n","protected":false},"author":1,"featured_media":0,"parent":0,"menu_order":0,"comment_status":"closed","ping_status":"closed","template":"","meta":{"footnotes":""},"class_list":["post-23496","page","type-page","status-publish","hentry"],"yoast_head":"<!-- This site is optimized with the Yoast SEO plugin v27.4 - https:\/\/yoast.com\/product\/yoast-seo-wordpress\/ -->\n<title>Zip Apartments - Apartamente cu terasa si vedere la mare<\/title>\n<meta name=\"description\" content=\"Apartamente de inchiriat in regim hotelier localizate la intrare in statiunea Mamaia, chiar pe faleza, in spate la Aqua Magic. Apartamentele de la ultimul etaj dispun de terasa cu vedere la mare sau lac.\" \/>\n<meta name=\"robots\" content=\"index, follow, max-snippet:-1, max-image-preview:large, max-video-preview:-1\" \/>\n<link rel=\"canonical\" href=\"https:\/\/zip-apartments.ro\/\" \/>\n<meta property=\"og:locale\" content=\"ro_RO\" \/>\n<meta property=\"og:type\" content=\"article\" \/>\n<meta property=\"og:title\" content=\"Apartamente de inchiriat\" \/>\n<meta property=\"og:description\" content=\"Apartamente de inchiriat, cu terasa si vedere la mare, pe toata durata anului\" \/>\n<meta property=\"og:url\" content=\"https:\/\/zip-apartments.ro\/\" \/>\n<meta property=\"og:site_name\" content=\"Zip Apartments\" \/>\n<meta property=\"article:modified_time\" content=\"2025-03-26T08:22:01+00:00\" \/>\n<meta property=\"og:image\" content=\"https:\/\/zip-apartments.ro\/wp-content\/uploads\/2019\/07\/Slide-1-1600x1200-e1563036697336.jpg\" \/>\n\t<meta property=\"og:image:width\" content=\"1200\" \/>\n\t<meta property=\"og:image:height\" content=\"801\" \/>\n\t<meta property=\"og:image:type\" content=\"image\/jpeg\" \/>\n<meta name=\"twitter:card\" content=\"summary_large_image\" \/>\n<meta name=\"twitter:label1\" content=\"Timp estimat pentru citire\" \/>\n\t<meta name=\"twitter:data1\" content=\"2 minute\" \/>\n<script type=\"application\/ld+json\" class=\"yoast-schema-graph\">{\"@context\":\"https:\\\/\\\/schema.org\",\"@graph\":[{\"@type\":\"WebPage\",\"@id\":\"https:\\\/\\\/zip-apartments.ro\\\/\",\"url\":\"https:\\\/\\\/zip-apartments.ro\\\/\",\"name\":\"Zip Apartments - Apartamente cu terasa si vedere la mare\",\"isPartOf\":{\"@id\":\"https:\\\/\\\/zip-apartments.ro\\\/#website\"},\"datePublished\":\"2016-05-23T07:34:45+00:00\",\"dateModified\":\"2025-03-26T08:22:01+00:00\",\"description\":\"Apartamente de inchiriat in regim hotelier localizate la intrare in statiunea Mamaia, chiar pe faleza, in spate la Aqua Magic. Apartamentele de la ultimul etaj dispun de terasa cu vedere la mare sau lac.\",\"breadcrumb\":{\"@id\":\"https:\\\/\\\/zip-apartments.ro\\\/#breadcrumb\"},\"inLanguage\":\"ro-RO\",\"potentialAction\":[{\"@type\":\"ReadAction\",\"target\":[\"https:\\\/\\\/zip-apartments.ro\\\/\"]}]},{\"@type\":\"BreadcrumbList\",\"@id\":\"https:\\\/\\\/zip-apartments.ro\\\/#breadcrumb\",\"itemListElement\":[{\"@type\":\"ListItem\",\"position\":1,\"name\":\"Prima pagin\u0103\",\"item\":\"https:\\\/\\\/zip-apartments.ro\\\/\"},{\"@type\":\"ListItem\",\"position\":2,\"name\":\"Apartamente de \u00eenchiriat\"}]},{\"@type\":\"WebSite\",\"@id\":\"https:\\\/\\\/zip-apartments.ro\\\/#website\",\"url\":\"https:\\\/\\\/zip-apartments.ro\\\/\",\"name\":\"Zip Apartments\",\"description\":\"Apartamente cu terasa si vedere la mare\",\"potentialAction\":[{\"@type\":\"SearchAction\",\"target\":{\"@type\":\"EntryPoint\",\"urlTemplate\":\"https:\\\/\\\/zip-apartments.ro\\\/?s={search_term_string}\"},\"query-input\":{\"@type\":\"PropertyValueSpecification\",\"valueRequired\":true,\"valueName\":\"search_term_string\"}}],\"inLanguage\":\"ro-RO\"}]}<\/script>\n<!-- \/ Yoast SEO plugin. -->","yoast_head_json":{"title":"Zip Apartments - Apartamente cu terasa si vedere la mare","description":"Apartamente de inchiriat in regim hotelier localizate la intrare in statiunea Mamaia, chiar pe faleza, in spate la Aqua Magic. Apartamentele de la ultimul etaj dispun de terasa cu vedere la mare sau lac.","robots":{"index":"index","follow":"follow","max-snippet":"max-snippet:-1","max-image-preview":"max-image-preview:large","max-video-preview":"max-video-preview:-1"},"canonical":"https:\/\/zip-apartments.ro\/","og_locale":"ro_RO","og_type":"article","og_title":"Apartamente de inchiriat","og_description":"Apartamente de inchiriat, cu terasa si vedere la mare, pe toata durata anului","og_url":"https:\/\/zip-apartments.ro\/","og_site_name":"Zip Apartments","article_modified_time":"2025-03-26T08:22:01+00:00","og_image":[{"width":1200,"height":801,"url":"https:\/\/zip-apartments.ro\/wp-content\/uploads\/2019\/07\/Slide-1-1600x1200-e1563036697336.jpg","type":"image\/jpeg"}],"twitter_card":"summary_large_image","twitter_misc":{"Timp estimat pentru citire":"2 minute"},"schema":{"@context":"https:\/\/schema.org","@graph":[{"@type":"WebPage","@id":"https:\/\/zip-apartments.ro\/","url":"https:\/\/zip-apartments.ro\/","name":"Zip Apartments - Apartamente cu terasa si vedere la mare","isPartOf":{"@id":"https:\/\/zip-apartments.ro\/#website"},"datePublished":"2016-05-23T07:34:45+00:00","dateModified":"2025-03-26T08:22:01+00:00","description":"Apartamente de inchiriat in regim hotelier localizate la intrare in statiunea Mamaia, chiar pe faleza, in spate la Aqua Magic. Apartamentele de la ultimul etaj dispun de terasa cu vedere la mare sau lac.","breadcrumb":{"@id":"https:\/\/zip-apartments.ro\/#breadcrumb"},"inLanguage":"ro-RO","potentialAction":[{"@type":"ReadAction","target":["https:\/\/zip-apartments.ro\/"]}]},{"@type":"BreadcrumbList","@id":"https:\/\/zip-apartments.ro\/#breadcrumb","itemListElement":[{"@type":"ListItem","position":1,"name":"Prima pagin\u0103","item":"https:\/\/zip-apartments.ro\/"},{"@type":"ListItem","position":2,"name":"Apartamente de \u00eenchiriat"}]},{"@type":"WebSite","@id":"https:\/\/zip-apartments.ro\/#website","url":"https:\/\/zip-apartments.ro\/","name":"Zip Apartments","description":"Apartamente cu terasa si vedere la mare","potentialAction":[{"@type":"SearchAction","target":{"@type":"EntryPoint","urlTemplate":"https:\/\/zip-apartments.ro\/?s={search_term_string}"},"query-input":{"@type":"PropertyValueSpecification","valueRequired":true,"valueName":"search_term_string"}}],"inLanguage":"ro-RO"}]}},"_links":{"self":[{"href":"https:\/\/zip-apartments.ro\/index.php?rest_route=\/wp\/v2\/pages\/23496","targetHints":{"allow":["GET"]}}],"collection":[{"href":"https:\/\/zip-apartments.ro\/index.php?rest_route=\/wp\/v2\/pages"}],"about":[{"href":"https:\/\/zip-apartments.ro\/index.php?rest_route=\/wp\/v2\/types\/page"}],"author":[{"embeddable":true,"href":"https:\/\/zip-apartments.ro\/index.php?rest_route=\/wp\/v2\/users\/1"}],"replies":[{"embeddable":true,"href":"https:\/\/zip-apartments.ro\/index.php?rest_route=%2Fwp%2Fv2%2Fcomments&post=23496"}],"version-history":[{"count":212,"href":"https:\/\/zip-apartments.ro\/index.php?rest_route=\/wp\/v2\/pages\/23496\/revisions"}],"predecessor-version":[{"id":24102,"href":"https:\/\/zip-apartments.ro\/index.php?rest_route=\/wp\/v2\/pages\/23496\/revisions\/24102"}],"wp:attachment":[{"href":"https:\/\/zip-apartments.ro\/index.php?rest_route=%2Fwp%2Fv2%2Fmedia&parent=23496"}],"curies":[{"name":"wp","href":"https:\/\/api.w.org\/{rel}","templated":true}]}}