{"id":23504,"date":"2019-07-02T13:58:29","date_gmt":"2019-07-02T13:58:29","guid":{"rendered":"https:\/\/zip-apartments.ro\/?page_id=23504"},"modified":"2020-09-03T08:22:30","modified_gmt":"2020-09-03T08:22:30","slug":"rezervari","status":"publish","type":"page","link":"https:\/\/zip-apartments.ro\/?page_id=23504","title":{"rendered":"Rezerv\u0103ri"},"content":{"rendered":"<p>[vc_row][vc_column][vc_btn title=&#8221;Rezerv\u0103-\u021bi vacan\u021ba perfect\u0103 cu noi!&#8221; color=&#8221;info&#8221; size=&#8221;lg&#8221; align=&#8221;center&#8221; css_animation=&#8221;fadeIn&#8221; link=&#8221;url:http%3A%2F%2Frezervari.multisoft.ro%2FBooking%2F%3FHotel%3DJ1EPAM|||&#8221;][\/vc_column][\/vc_row][vc_row][vc_column][vc_empty_space][vc_message]<\/p>\n<h4>CAZAREA POATE FI ACHITAT\u0102 CASH , CARD SAU CU TICHETE DE VACAN\u021a\u0102.<\/h4>\n<p>[\/vc_message][vc_message color=&#8221;info&#8221;]<\/p>\n<h4><strong><span style=\"color: #339966;\">CHECK-IN<\/span><\/strong> DE LA ORA 14:00 LA ORA 18:00<\/h4>\n<h4>LATE <span style=\"color: #339966;\"><strong>CHECK-IN<\/strong><\/span> SE PERCEPE O TAX\u0102<\/h4>\n<h4><strong><span style=\"color: #ff0000;\">CHECK-OUT<\/span><\/strong> PANA \u00ceN ORA 11:00<\/h4>\n<h4>LATE <span style=\"color: #ff0000;\"><strong>CHECK-OUT<\/strong><span style=\"color: #000000;\">\u00a0<\/span><\/span>SE TAXEAZ\u0102 CU JUMATATE DE ZI P\u00c2N\u0102 LA ORA 17:00, DUPA ACEAST\u0102 OR\u0102, SE ACHIT\u0102 SUMA \u00ceNTREAG\u0102<\/h4>\n<h4>PROGRAM RECEP\u021aIE 08:00 &#8211; 17:00<\/h4>\n<h4>\u00ceN CAZ DE PIERDERE A CARDURILOR DE ACCES SE PL\u0102TE\u0218TE O TAX\u0102 DE 50 RON\/CARD<\/h4>\n<p>[\/vc_message][vc_message color=&#8221;info&#8221;]<\/p>\n<h3 class=\"entry-header\"><strong>Politica de anulare \/ returnare<\/strong><\/h3>\n<div class=\"entry-content\">\n<h4><strong>Politica de anulare \/ returnare a sumelor platite<\/strong><\/h4>\n<h4><strong>Toate modificarile, decomandarile si anularile se vor face numai in scris, mentionandu-se data, numarul comenzii de rezervare si numele in clar al clientului pe numele caruia s-a facut rezervarea.<\/strong><\/h4>\n<h4><strong>Daca rezervarea este anulata sau modificata cu pana la 1 zi (24h) inainte de data sosirii in perioada 1 Ianuarie-14 Iunie si 15 Septembrie-31 Decembrie, nu va fi perceput nici un comision. Daca rezervarea este anulata sau modificata in perioada 15 Iunie-14 Septembrie sau in caz de neprezentare, se va incasa 100% prima noapte de cazare sau avansul achitat.<\/strong><\/h4>\n<h4><strong>\u00cen cazul \u00een care un client apeleaza la politica de rambursare, acesta trebuie sa trimita un mesaj la\u00a0office@zip-apartments.ro\u00a0\u00een care sa se regaseasca urmatoarele:<\/strong><\/h4>\n<ul>\n<li>\n<h4><strong>Subiect: Refund<\/strong><\/h4>\n<\/li>\n<li>\n<h4><strong>Numarul de comanda transmis anterior prin email-ul de confirmare a rezervarii<\/strong><\/h4>\n<\/li>\n<li>\n<h4><strong>Adresa de e-mail<\/strong><\/h4>\n<\/li>\n<li>\n<h4><strong>Numele complet al platitorului<\/strong><\/h4>\n<\/li>\n<\/ul>\n<h4><strong>Pentru simplificarea procesului de rambursare se recomanda redirectionarea mesajului primit din partea echipei Zip Apartaments si care con\u021bine numarul de rezervare.<\/strong><\/h4>\n<h4><strong>Din momentul trimiterii mesajului, Zip Apartaments isi asuma ca va demara procesul de rambursare, care poate dura cel mult 30 zile lucratoare de la data primirii cererii de returnare . In cazul tranzactiilor efectuate on-line cu cardul, orice sume ce se va aprecia ca se impune a fi rambursate vor fi returnate in contul bancar personal al platitorului .<\/strong><\/h4>\n<\/div>\n<p>[\/vc_message][vc_empty_space][\/vc_column][\/vc_row]<\/p>\n","protected":false},"excerpt":{"rendered":"<p>&#8230;<\/p>\n","protected":false},"author":1,"featured_media":0,"parent":0,"menu_order":0,"comment_status":"closed","ping_status":"closed","template":"","meta":{"footnotes":""},"class_list":["post-23504","page","type-page","status-publish","hentry"],"yoast_head":"<!-- This site is optimized with the Yoast SEO plugin v27.4 - https:\/\/yoast.com\/product\/yoast-seo-wordpress\/ -->\n<title>Rezerv\u0103ri - Zip Apartments<\/title>\n<meta name=\"description\" content=\"Rezerv\u0103-\u021bi vacan\u021ba perfect\u0103 cu noi! - Informa\u021bii cu privire la check in si alte detalii.\" \/>\n<meta name=\"robots\" content=\"index, follow, max-snippet:-1, max-image-preview:large, max-video-preview:-1\" \/>\n<link rel=\"canonical\" href=\"https:\/\/zip-apartments.ro\/?page_id=23504\" \/>\n<meta property=\"og:locale\" content=\"ro_RO\" \/>\n<meta property=\"og:type\" content=\"article\" \/>\n<meta property=\"og:title\" content=\"Rezerv\u0103ri\" \/>\n<meta property=\"og:description\" content=\"Rezerv\u0103-\u021bi vacan\u021ba perfect\u0103 cu noi!\" \/>\n<meta property=\"og:url\" content=\"https:\/\/zip-apartments.ro\/?page_id=23504\" \/>\n<meta property=\"og:site_name\" content=\"Zip Apartments\" \/>\n<meta property=\"article:modified_time\" content=\"2020-09-03T08:22:30+00:00\" \/>\n<meta property=\"og:image\" content=\"https:\/\/zip-apartments.ro\/wp-content\/uploads\/2019\/07\/logo-e1562228604685.jpg\" \/>\n\t<meta property=\"og:image:width\" content=\"100\" \/>\n\t<meta property=\"og:image:height\" content=\"65\" \/>\n\t<meta property=\"og:image:type\" content=\"image\/jpeg\" \/>\n<meta name=\"twitter:card\" content=\"summary_large_image\" \/>\n<meta name=\"twitter:label1\" content=\"Timp estimat pentru citire\" \/>\n\t<meta name=\"twitter:data1\" content=\"2 minute\" \/>\n<script type=\"application\/ld+json\" class=\"yoast-schema-graph\">{\"@context\":\"https:\\\/\\\/schema.org\",\"@graph\":[{\"@type\":\"WebPage\",\"@id\":\"https:\\\/\\\/zip-apartments.ro\\\/?page_id=23504\",\"url\":\"https:\\\/\\\/zip-apartments.ro\\\/?page_id=23504\",\"name\":\"Rezerv\u0103ri - Zip Apartments\",\"isPartOf\":{\"@id\":\"https:\\\/\\\/zip-apartments.ro\\\/#website\"},\"datePublished\":\"2019-07-02T13:58:29+00:00\",\"dateModified\":\"2020-09-03T08:22:30+00:00\",\"description\":\"Rezerv\u0103-\u021bi vacan\u021ba perfect\u0103 cu noi! - Informa\u021bii cu privire la check in si alte detalii.\",\"breadcrumb\":{\"@id\":\"https:\\\/\\\/zip-apartments.ro\\\/?page_id=23504#breadcrumb\"},\"inLanguage\":\"ro-RO\",\"potentialAction\":[{\"@type\":\"ReadAction\",\"target\":[\"https:\\\/\\\/zip-apartments.ro\\\/?page_id=23504\"]}]},{\"@type\":\"BreadcrumbList\",\"@id\":\"https:\\\/\\\/zip-apartments.ro\\\/?page_id=23504#breadcrumb\",\"itemListElement\":[{\"@type\":\"ListItem\",\"position\":1,\"name\":\"Prima pagin\u0103\",\"item\":\"https:\\\/\\\/zip-apartments.ro\\\/\"},{\"@type\":\"ListItem\",\"position\":2,\"name\":\"Rezerv\u0103ri\"}]},{\"@type\":\"WebSite\",\"@id\":\"https:\\\/\\\/zip-apartments.ro\\\/#website\",\"url\":\"https:\\\/\\\/zip-apartments.ro\\\/\",\"name\":\"Zip Apartments\",\"description\":\"Apartamente cu terasa si vedere la mare\",\"potentialAction\":[{\"@type\":\"SearchAction\",\"target\":{\"@type\":\"EntryPoint\",\"urlTemplate\":\"https:\\\/\\\/zip-apartments.ro\\\/?s={search_term_string}\"},\"query-input\":{\"@type\":\"PropertyValueSpecification\",\"valueRequired\":true,\"valueName\":\"search_term_string\"}}],\"inLanguage\":\"ro-RO\"}]}<\/script>\n<!-- \/ Yoast SEO plugin. -->","yoast_head_json":{"title":"Rezerv\u0103ri - Zip Apartments","description":"Rezerv\u0103-\u021bi vacan\u021ba perfect\u0103 cu noi! - Informa\u021bii cu privire la check in si alte detalii.","robots":{"index":"index","follow":"follow","max-snippet":"max-snippet:-1","max-image-preview":"max-image-preview:large","max-video-preview":"max-video-preview:-1"},"canonical":"https:\/\/zip-apartments.ro\/?page_id=23504","og_locale":"ro_RO","og_type":"article","og_title":"Rezerv\u0103ri","og_description":"Rezerv\u0103-\u021bi vacan\u021ba perfect\u0103 cu noi!","og_url":"https:\/\/zip-apartments.ro\/?page_id=23504","og_site_name":"Zip Apartments","article_modified_time":"2020-09-03T08:22:30+00:00","og_image":[{"width":100,"height":65,"url":"https:\/\/zip-apartments.ro\/wp-content\/uploads\/2019\/07\/logo-e1562228604685.jpg","type":"image\/jpeg"}],"twitter_card":"summary_large_image","twitter_misc":{"Timp estimat pentru citire":"2 minute"},"schema":{"@context":"https:\/\/schema.org","@graph":[{"@type":"WebPage","@id":"https:\/\/zip-apartments.ro\/?page_id=23504","url":"https:\/\/zip-apartments.ro\/?page_id=23504","name":"Rezerv\u0103ri - Zip Apartments","isPartOf":{"@id":"https:\/\/zip-apartments.ro\/#website"},"datePublished":"2019-07-02T13:58:29+00:00","dateModified":"2020-09-03T08:22:30+00:00","description":"Rezerv\u0103-\u021bi vacan\u021ba perfect\u0103 cu noi! - Informa\u021bii cu privire la check in si alte detalii.","breadcrumb":{"@id":"https:\/\/zip-apartments.ro\/?page_id=23504#breadcrumb"},"inLanguage":"ro-RO","potentialAction":[{"@type":"ReadAction","target":["https:\/\/zip-apartments.ro\/?page_id=23504"]}]},{"@type":"BreadcrumbList","@id":"https:\/\/zip-apartments.ro\/?page_id=23504#breadcrumb","itemListElement":[{"@type":"ListItem","position":1,"name":"Prima pagin\u0103","item":"https:\/\/zip-apartments.ro\/"},{"@type":"ListItem","position":2,"name":"Rezerv\u0103ri"}]},{"@type":"WebSite","@id":"https:\/\/zip-apartments.ro\/#website","url":"https:\/\/zip-apartments.ro\/","name":"Zip Apartments","description":"Apartamente cu terasa si vedere la mare","potentialAction":[{"@type":"SearchAction","target":{"@type":"EntryPoint","urlTemplate":"https:\/\/zip-apartments.ro\/?s={search_term_string}"},"query-input":{"@type":"PropertyValueSpecification","valueRequired":true,"valueName":"search_term_string"}}],"inLanguage":"ro-RO"}]}},"_links":{"self":[{"href":"https:\/\/zip-apartments.ro\/index.php?rest_route=\/wp\/v2\/pages\/23504","targetHints":{"allow":["GET"]}}],"collection":[{"href":"https:\/\/zip-apartments.ro\/index.php?rest_route=\/wp\/v2\/pages"}],"about":[{"href":"https:\/\/zip-apartments.ro\/index.php?rest_route=\/wp\/v2\/types\/page"}],"author":[{"embeddable":true,"href":"https:\/\/zip-apartments.ro\/index.php?rest_route=\/wp\/v2\/users\/1"}],"replies":[{"embeddable":true,"href":"https:\/\/zip-apartments.ro\/index.php?rest_route=%2Fwp%2Fv2%2Fcomments&post=23504"}],"version-history":[{"count":38,"href":"https:\/\/zip-apartments.ro\/index.php?rest_route=\/wp\/v2\/pages\/23504\/revisions"}],"predecessor-version":[{"id":24014,"href":"https:\/\/zip-apartments.ro\/index.php?rest_route=\/wp\/v2\/pages\/23504\/revisions\/24014"}],"wp:attachment":[{"href":"https:\/\/zip-apartments.ro\/index.php?rest_route=%2Fwp%2Fv2%2Fmedia&parent=23504"}],"curies":[{"name":"wp","href":"https:\/\/api.w.org\/{rel}","templated":true}]}}